{"id":265,"date":"2021-06-09T07:09:59","date_gmt":"2021-06-09T07:09:59","guid":{"rendered":"https:\/\/scoalajucu.ro\/?page_id=265"},"modified":"2026-01-20T11:42:41","modified_gmt":"2026-01-20T11:42:41","slug":"conducerea-scolii","status":"publish","type":"page","link":"https:\/\/scoalajucu.ro\/index.php\/conducerea-scolii\/","title":{"rendered":"Conducerea \u0219colii"},"content":{"rendered":"<p>Conducerea \u0219colii<\/p>\n<h2>Conducerea unit\u0103\u021bii :<\/h2>\n<h2><b> Director: Prof. Trohonel M\u0103d\u0103lin-Gheorghe-Lucian<\/b><br \/>\n<b> Director Adjunct: Prof. Copil Simona L\u0103crimioara<\/b><\/h2>\n<h2>Consiliul de Administra\u021bie:<\/h2>\n<p style=\"text-align: justify; text-indent: -9.0pt; line-height: 150%; mso-list: l0 level1 lfo1; tab-stops: list .5in 85.5pt; margin: 0in 0in 0in .5in;\">\u00b7\u00a0 Trohonel M\u0103d\u0103lin-Gheorghe-Lucian,director &#8211; pre\u015fedinte;<\/p>\n<p style=\"text-align: justify; text-indent: -9.0pt; line-height: 150%; mso-list: l0 level1 lfo1; tab-stops: list .5in .75in; margin: 0in 0in 0in .5in;\"><!-- [if !supportLists]-->\u00b7\u00a0 <!--[endif]-->Copil Simona L\u0103crimioara, director adjunct &#8211;<br \/>\nmembru;<\/p>\n<p style=\"text-align: justify; text-indent: -9.0pt; line-height: 150%; mso-list: l0 level1 lfo1; tab-stops: list .5in .75in; margin: 0in 0in 0in .5in;\"><!-- [if !supportLists]-->\u00b7\u00a0 <!--[endif]-->Vancea Gabriela Simona, cadru didactic \u2013<br \/>\nmembru;<\/p>\n<p style=\"text-align: justify; text-indent: -9.0pt; line-height: 150%; mso-list: l0 level1 lfo1; tab-stops: list .5in .75in; margin: 0in 0in 0in .5in;\"><!-- [if !supportLists]-->\u00b7\u00a0 <!--[endif]-->Baciu Valerica, cadru didactic \u2013 membru;<\/p>\n<p style=\"text-align: justify; text-indent: -9.0pt; line-height: 150%; mso-list: l0 level1 lfo1; tab-stops: list .5in .75in; margin: 0in 0in 0in .5in;\"><!-- [if !supportLists]-->\u00b7\u00a0 <!--[endif]-->Micl\u0103u\u0219 Cornelia, cadru didactic \u2013 membru;<\/p>\n<p style=\"text-align: justify; text-indent: -9.0pt; line-height: 150%; mso-list: l0 level1 lfo1; tab-stops: list .5in .75in; margin: 0in 0in 0in .5in;\"><!-- [if !supportLists]-->\u00b7\u00a0 Ghiri\u0219an Simona, reprezentant al p\u0103rin\u0163ilor;<\/p>\n<p style=\"text-align: justify; text-indent: -9.0pt; line-height: 150%; mso-list: l0 level1 lfo1; tab-stops: list .5in .75in; margin: 0in 0in 0in .5in;\"><!-- [if !supportLists]-->\u00b7\u00a0 <!--[endif]-->Curta Raluca, reprezentant al p\u0103rin\u0163ilor;<\/p>\n<p style=\"text-align: justify; text-indent: -9.0pt; line-height: 150%; mso-list: l0 level1 lfo1; tab-stops: list .5in .75in; margin: 0in 0in 0in .5in;\"><!-- [if !supportLists]-->\u00b7\u00a0 <!--[endif]-->Dornean Monica, reprezentant al p\u0103rin\u021bilor;<\/p>\n<p style=\"text-align: justify; text-indent: -9.0pt; line-height: 150%; mso-list: l0 level1 lfo1; tab-stops: list .5in .75in; margin: 0in 0in 0in .5in;\"><!-- [if !supportLists]-->\u00b7\u00a0 <!--[endif]-->Pojar Valentin Dorel, primar;<\/p>\n<p style=\"text-align: justify; text-indent: -9.0pt; line-height: 150%; mso-list: l0 level1 lfo1; tab-stops: list .5in .75in; margin: 0in 0in 0in .5in;\"><!-- [if !supportLists]-->\u00b7\u00a0 Bere Cornel, reprezentant consiliul local;<\/p>\n<p style=\"text-align: justify; text-indent: -9.0pt; line-height: 150%; mso-list: l0 level1 lfo1; tab-stops: list .5in .75in; margin: 0in 0in 0in .5in;\">\u00b7 Ghiri\u0219an Violina, reprezentant consiliul local;<\/p>\n<p style=\"text-align: justify; text-indent: -9.0pt; line-height: 150%; mso-list: l0 level1 lfo1; tab-stops: list .5in .75in; margin: 0in 0in 0in .5in;\"><!-- [if !supportLists]-->\u00b7\u00a0 <!--[endif]-->Dene\u0219 Janos,lider sindical \u2013<br \/>\nobservator;<\/p>\n<p style=\"text-align: justify; text-indent: -9.0pt; line-height: 150%; mso-list: l0 level1 lfo1; tab-stops: list .5in .75in; margin: 0in 0in 0in .5in;\">\u00b7\u00a0 <!--[endif]-->Sipo\u0219 Sebastiana Ioana \u2013 secretar.<\/p>\n<p><img loading=\"lazy\" decoding=\"async\" src=\"https:\/\/scoalajucu.ro\/wp-content\/uploads\/2024\/04\/sedinte-eficiente.jpg\" sizes=\"auto, (max-width: 1200px) 100vw, 1200px\" srcset=\"https:\/\/scoalajucu.ro\/wp-content\/uploads\/2024\/04\/sedinte-eficiente.jpg 1200w, https:\/\/scoalajucu.ro\/wp-content\/uploads\/2024\/04\/sedinte-eficiente-300x158.jpg 300w, https:\/\/scoalajucu.ro\/wp-content\/uploads\/2024\/04\/sedinte-eficiente-1024x538.jpg 1024w, https:\/\/scoalajucu.ro\/wp-content\/uploads\/2024\/04\/sedinte-eficiente-768x403.jpg 768w\" alt=\"\" width=\"1200\" height=\"630\" \/><\/p>\n","protected":false},"excerpt":{"rendered":"<p>Conducerea \u0219colii Conducerea unit\u0103\u021bii : Director: Prof. Trohonel M\u0103d\u0103lin-Gheorghe-Lucian Director Adjunct: Prof. Copil Simona L\u0103crimioara Consiliul de Administra\u021bie: \u00b7\u00a0 Trohonel M\u0103d\u0103lin-Gheorghe-Lucian,director &#8211; pre\u015fedinte; \u00b7\u00a0 Copil Simona L\u0103crimioara, director adjunct &#8211; membru; \u00b7\u00a0 Vancea Gabriela Simona, cadru didactic \u2013 membru; \u00b7\u00a0 Baciu Valerica, cadru didactic \u2013 membru; \u00b7\u00a0 Micl\u0103u\u0219 Cornelia, cadru didactic \u2013 membru; \u00b7\u00a0 Ghiri\u0219an &hellip;<\/p>\n<p class=\"read-more\"> <a class=\"\" href=\"https:\/\/scoalajucu.ro\/index.php\/conducerea-scolii\/\"> <span class=\"screen-reader-text\">Conducerea \u0219colii<\/span> Read More &raquo;<\/a><\/p>\n","protected":false},"author":1,"featured_media":0,"parent":0,"menu_order":0,"comment_status":"closed","ping_status":"closed","template":"","meta":{"footnotes":""},"class_list":["post-265","page","type-page","status-publish","hentry"],"_links":{"self":[{"href":"https:\/\/scoalajucu.ro\/index.php\/wp-json\/wp\/v2\/pages\/265","targetHints":{"allow":["GET"]}}],"collection":[{"href":"https:\/\/scoalajucu.ro\/index.php\/wp-json\/wp\/v2\/pages"}],"about":[{"href":"https:\/\/scoalajucu.ro\/index.php\/wp-json\/wp\/v2\/types\/page"}],"author":[{"embeddable":true,"href":"https:\/\/scoalajucu.ro\/index.php\/wp-json\/wp\/v2\/users\/1"}],"replies":[{"embeddable":true,"href":"https:\/\/scoalajucu.ro\/index.php\/wp-json\/wp\/v2\/comments?post=265"}],"version-history":[{"count":84,"href":"https:\/\/scoalajucu.ro\/index.php\/wp-json\/wp\/v2\/pages\/265\/revisions"}],"predecessor-version":[{"id":1625,"href":"https:\/\/scoalajucu.ro\/index.php\/wp-json\/wp\/v2\/pages\/265\/revisions\/1625"}],"wp:attachment":[{"href":"https:\/\/scoalajucu.ro\/index.php\/wp-json\/wp\/v2\/media?parent=265"}],"curies":[{"name":"wp","href":"https:\/\/api.w.org\/{rel}","templated":true}]}}