{"id":245,"date":"2021-06-09T06:59:45","date_gmt":"2021-06-09T06:59:45","guid":{"rendered":"https:\/\/scoalajucu.ro\/?page_id=245"},"modified":"2024-04-05T09:33:06","modified_gmt":"2024-04-05T09:33:06","slug":"istoric","status":"publish","type":"page","link":"https:\/\/scoalajucu.ro\/index.php\/istoric\/","title":{"rendered":"Istoric"},"content":{"rendered":"\t\t<div data-elementor-type=\"wp-page\" data-elementor-id=\"245\" class=\"elementor elementor-245\" data-elementor-settings=\"[]\">\n\t\t\t\t\t\t<div class=\"elementor-inner\">\n\t\t\t\t\t\t\t<div class=\"elementor-section-wrap\">\n\t\t\t\t\t\t\t<section class=\"elementor-section elementor-top-section elementor-element elementor-element-c3108a0 elementor-section-full_width elementor-section-height-default elementor-section-height-default\" data-id=\"c3108a0\" data-element_type=\"section\">\n\t\t\t\t\t\t<div class=\"elementor-container elementor-column-gap-no\">\n\t\t\t\t\t\t\t<div class=\"elementor-row\">\n\t\t\t\t\t<div class=\"elementor-column elementor-col-100 elementor-top-column elementor-element elementor-element-bf3d643\" data-id=\"bf3d643\" data-element_type=\"column\">\n\t\t\t<div class=\"elementor-column-wrap elementor-element-populated\">\n\t\t\t\t\t\t\t<div class=\"elementor-widget-wrap\">\n\t\t\t\t\t\t<div class=\"elementor-element elementor-element-d338255 elementor--h-position-center elementor--v-position-middle elementor-arrows-position-inside elementor-pagination-position-inside elementor-widget elementor-widget-slides\" data-id=\"d338255\" data-element_type=\"widget\" data-settings=\"{&quot;navigation&quot;:&quot;both&quot;,&quot;autoplay&quot;:&quot;yes&quot;,&quot;pause_on_hover&quot;:&quot;yes&quot;,&quot;pause_on_interaction&quot;:&quot;yes&quot;,&quot;autoplay_speed&quot;:5000,&quot;infinite&quot;:&quot;yes&quot;,&quot;transition&quot;:&quot;slide&quot;,&quot;transition_speed&quot;:500}\" data-widget_type=\"slides.default\">\n\t\t\t\t<div class=\"elementor-widget-container\">\n\t\t\t\t\t<div class=\"elementor-swiper\">\n\t\t\t<div class=\"elementor-slides-wrapper elementor-main-swiper swiper-container\" dir=\"ltr\" data-animation=\"fadeInUp\">\n\t\t\t\t<div class=\"swiper-wrapper elementor-slides\">\n\t\t\t\t\t<div class=\"elementor-repeater-item-d99bc6d swiper-slide\"><div class=\"swiper-slide-bg elementor-ken-burns elementor-ken-burns--in\"><\/div><div class=\"elementor-background-overlay\"><\/div><div class=\"swiper-slide-inner\" ><div class=\"swiper-slide-contents\"><div class=\"elementor-slide-heading\">ISTORIC<\/div><\/div><\/div><\/div>\t\t\t\t<\/div>\n\t\t\t\t\t\t\t<\/div>\n\t\t<\/div>\n\t\t\t\t<\/div>\n\t\t\t\t<\/div>\n\t\t\t\t\t\t<\/div>\n\t\t\t\t\t<\/div>\n\t\t<\/div>\n\t\t\t\t\t\t\t\t<\/div>\n\t\t\t\t\t<\/div>\n\t\t<\/section>\n\t\t\t\t<section class=\"elementor-section elementor-top-section elementor-element elementor-element-5d6f4cf elementor-section-boxed elementor-section-height-default elementor-section-height-default\" data-id=\"5d6f4cf\" data-element_type=\"section\">\n\t\t\t\t\t\t<div class=\"elementor-container elementor-column-gap-no\">\n\t\t\t\t\t\t\t<div class=\"elementor-row\">\n\t\t\t\t\t<div class=\"elementor-column elementor-col-50 elementor-top-column elementor-element elementor-element-7426b3b\" data-id=\"7426b3b\" data-element_type=\"column\">\n\t\t\t<div class=\"elementor-column-wrap elementor-element-populated\">\n\t\t\t\t\t\t\t<div class=\"elementor-widget-wrap\">\n\t\t\t\t\t\t<div class=\"elementor-element elementor-element-e18cd19 elementor-widget elementor-widget-heading\" data-id=\"e18cd19\" data-element_type=\"widget\" data-widget_type=\"heading.default\">\n\t\t\t\t<div class=\"elementor-widget-container\">\n\t\t\t<h2 class=\"elementor-heading-title elementor-size-default\">Prima \u0219coal\u0103 s\u0103teasc\u0103 din Transilvania<\/h2>\t\t<\/div>\n\t\t\t\t<\/div>\n\t\t\t\t<div class=\"elementor-element elementor-element-7e1ec5d elementor-widget-divider--view-line elementor-widget elementor-widget-divider\" data-id=\"7e1ec5d\" data-element_type=\"widget\" data-widget_type=\"divider.default\">\n\t\t\t\t<div class=\"elementor-widget-container\">\n\t\t\t\t\t<div class=\"elementor-divider\">\n\t\t\t<span class=\"elementor-divider-separator\">\n\t\t\t\t\t\t<\/span>\n\t\t<\/div>\n\t\t\t\t<\/div>\n\t\t\t\t<\/div>\n\t\t\t\t<div class=\"elementor-element elementor-element-ba54b04 elementor-drop-cap-yes elementor-drop-cap-view-default elementor-widget elementor-widget-text-editor\" data-id=\"ba54b04\" data-element_type=\"widget\" data-settings=\"{&quot;drop_cap&quot;:&quot;yes&quot;}\" data-widget_type=\"text-editor.default\">\n\t\t\t\t<div class=\"elementor-widget-container\">\n\t\t\t\t\t\t\t\t<div class=\"elementor-text-editor elementor-clearfix\">\n\t\t\t\t\t<p style=\"font-size: 15px; font-style: normal; font-weight: 400; text-align: left;\"><span style=\"font-weight: bold; font-style: inherit; color: var( --e-global-color-text ); font-family: var( --e-global-typography-text-font-family ), Sans-serif;\"><span style=\"font-size: 14pt; line-height: 19.9733px;\">La data de 10 aprilie 1332, \u00een localitatea Jucu, a fost atestat\u0103 prima \u0219coal\u0103 s\u0103teasc\u0103 din Transilvania.<\/span><\/span><\/p><p style=\"font-size: 15px; font-style: normal; font-weight: 400;\"><span lang=\"RO\" style=\"font-size: 12pt; font-family: 'Times New Roman', serif;\">\u00a0\u00a0\u00a0\u00a0\u00a0\u00a0\u00a0<\/span><span lang=\"RO\" style=\"font-size: 12pt; font-family: 'Times New Roman', serif;\">Primul dasc\u0103l din Jucu atestat documentar este Inochen\u021bie Popovici, \u00een anul 1784.<\/span><\/p><p style=\"font-size: 15px; font-style: normal; font-weight: 400;\"><span lang=\"RO\" style=\"font-size: 12pt; font-family: 'Times New Roman', serif;\">\u00a0\u00a0\u00a0\u00a0\u00a0\u00a0\u00a0<\/span><span lang=\"RO\" style=\"font-size: 12pt; font-family: 'Times New Roman', serif;\">Statistica \u0219colar\u0103 de la 1900, ofer\u0103 o imagine a unor \u0219coli destul de populate pe raza comunei Jucu, chiar dac\u0103 nu erau condi\u021bii prea bune de \u00eenv\u0103\u021bat \u00een \u0219colile mici \u0219i cu mobilier necorespunz\u0103tor, astfel \u00een Jucu de Sus erau 50 de \u0219colari, Jucu de Jos 33 de \u0219colari,\u00a0 Jucu de Mijloc 57 de \u0219colari, G\u0103d\u0103lin 64 de\u00a0 \u0219colari \u0219i Vi\u0219ea 26 de \u0219colari.<\/span><\/p><p style=\"font-size: 15px; font-style: normal; font-weight: 400;\"><span lang=\"RO\" style=\"font-size: 12pt; font-family: 'Times New Roman', serif;\">\u00a0\u00a0\u00a0\u00a0\u00a0\u00a0\u00a0<\/span><span lang=\"RO\" style=\"font-size: 12pt; font-family: 'Times New Roman', serif;\">Drept urmare,\u00a0 \u00eentre anii 1902-1904, se ridic\u0103 \u0219coala din Jucu de Jos. Se compunea dintr-o sal\u0103 de clas\u0103, care ar fi putut primi chiar \u0219i 70 de elevi, \u0219i o locuin\u021b\u0103 pentru \u00eenv\u0103\u021b\u0103tor.<\/span><\/p><p style=\"font-size: 15px; font-style: normal; font-weight: 400;\"><span lang=\"RO\" style=\"font-size: 12pt; font-family: 'Times New Roman', serif;\">\u00a0\u00a0\u00a0\u00a0\u00a0\u00a0\u00a0<\/span><span lang=\"RO\" style=\"font-size: 12pt; font-family: 'Times New Roman', serif;\">\u00centre anii 1907-1909, c\u00e2te 16 tineri puteau sus\u021bine examenul de alfabetizare \u00een fa\u021ba unei comisii numite de organele de stat, dar \u0219i cu membri ai locului, preotul \u0219i \u00eenv\u0103\u021b\u0103torul fiind printre ace\u0219tia.<\/span><\/p><p style=\"font-size: 15px; font-style: normal; font-weight: 400;\"><span lang=\"RO\" style=\"font-size: 12pt; font-family: 'Times New Roman', serif;\">\u00a0\u00a0\u00a0\u00a0\u00a0\u00a0\u00a0<\/span><span lang=\"RO\" style=\"font-size: 12pt; font-family: 'Times New Roman', serif;\">\u00cen anul \u0219colar 1955-1956, la \u0218coala de \u0219apte ani din Jucu de Jos, raionul Cluj, se \u00eenregistrau 211 elevi. 109 erau elevi ai ciclului primar.<\/span><\/p><p style=\"font-size: 15px; font-style: normal; font-weight: 400;\"><span lang=\"RO\" style=\"font-size: 12pt; font-family: 'Times New Roman', serif;\">\u00a0\u00a0\u00a0\u00a0\u00a0\u00a0\u00a0\u00a0\u00a0\u00a0\u00a0 \u00cen anul \u0219colar 2023-2024 la \u0219coala noastr\u0103 sunt \u00eenscri\u0219i 466 de antepre\u0219colari, pre\u0219colari \u0219i elevi, dintre care:<\/span><\/p><p style=\"font-size: 15px; font-style: normal; font-weight: 400;\"><span lang=\"RO\" style=\"font-size: 12pt; font-family: 'Times New Roman', serif;\">\u00a0\u2013 antepre\u0219colari \u2013 34<\/span><\/p><p style=\"font-size: 15px; font-style: normal; font-weight: 400;\"><span lang=\"RO\" style=\"font-size: 12pt; font-family: 'Times New Roman', serif;\">\u2013 pre\u0219colari program normal \u2013 57;<\/span><\/p><p style=\"font-size: 15px; font-style: normal; font-weight: 400;\"><span lang=\"RO\" style=\"font-size: 12pt; font-family: 'Times New Roman', serif;\">\u2013 pre\u0219colari program prelungit \u2013 94;<\/span><\/p><p style=\"font-size: 15px; font-style: normal; font-weight: 400;\"><span lang=\"RO\" style=\"font-size: 12pt; font-family: 'Times New Roman', serif;\">\u2013 elevi de clase primare \u2013 153;<\/span><\/p><p style=\"font-size: 15px; font-style: normal; font-weight: 400;\"><span lang=\"RO\" style=\"font-size: 12pt; font-family: 'Times New Roman', serif;\">\u2013 elevi de gimnaziu -106;<\/span><\/p><p style=\"font-size: 15px; font-style: normal; font-weight: 400;\"><span lang=\"RO\" style=\"font-size: 12pt; font-family: 'Times New Roman', serif;\">\u2013 pre\u0219colari program normal \u2013 limba maghiar\u0103 -14;<\/span><\/p><p style=\"font-size: 15px; font-style: normal; font-weight: 400;\"><span lang=\"RO\" style=\"font-size: 12pt; font-family: 'Times New Roman', serif;\">\u2013 elevi de clase primare \u2013 limba maghiar\u0103 \u2013 8;<\/span><\/p><p style=\"font-size: 15px; font-style: normal; font-weight: 400;\"><span lang=\"RO\" style=\"font-size: 12pt; font-family: 'Times New Roman', serif;\">\u00a0<\/span><span lang=\"RO\" style=\"font-size: 12pt; font-family: 'Times New Roman', serif;\">\u00a0<\/span><span lang=\"RO\" style=\"font-size: 12pt; font-family: 'Times New Roman', serif;\">\u00cen ultimii ani infrastructura \u0219colar\u0103 se modernizeaz\u0103 \u00eencontinuu, oferind condi\u021bii de predare-\u00eenv\u0103\u021bare \u00een conformitate cu standardele europene.<\/span><\/p>\t\t\t\t\t<\/div>\n\t\t\t\t\t\t<\/div>\n\t\t\t\t<\/div>\n\t\t\t\t\t\t<\/div>\n\t\t\t\t\t<\/div>\n\t\t<\/div>\n\t\t\t\t<div class=\"elementor-column elementor-col-50 elementor-top-column elementor-element elementor-element-837b628\" data-id=\"837b628\" data-element_type=\"column\">\n\t\t\t<div class=\"elementor-column-wrap elementor-element-populated\">\n\t\t\t\t\t\t\t<div class=\"elementor-widget-wrap\">\n\t\t\t\t\t\t<div class=\"elementor-element elementor-element-1317205 elementor-widget elementor-widget-image\" data-id=\"1317205\" data-element_type=\"widget\" data-widget_type=\"image.default\">\n\t\t\t\t<div class=\"elementor-widget-container\">\n\t\t\t\t\t\t\t\t<div class=\"elementor-image\">\n\t\t\t\t\t\t\t\t\t\t\t\t<img loading=\"lazy\" decoding=\"async\" width=\"1127\" height=\"1600\" src=\"https:\/\/scoalajucu.ro\/wp-content\/uploads\/2024\/04\/WhatsApp-Image-2024-03-29-at-6.55.20-PM.jpeg\" class=\"attachment-full size-full\" alt=\"\" srcset=\"https:\/\/scoalajucu.ro\/wp-content\/uploads\/2024\/04\/WhatsApp-Image-2024-03-29-at-6.55.20-PM.jpeg 1127w, https:\/\/scoalajucu.ro\/wp-content\/uploads\/2024\/04\/WhatsApp-Image-2024-03-29-at-6.55.20-PM-211x300.jpeg 211w, https:\/\/scoalajucu.ro\/wp-content\/uploads\/2024\/04\/WhatsApp-Image-2024-03-29-at-6.55.20-PM-721x1024.jpeg 721w, https:\/\/scoalajucu.ro\/wp-content\/uploads\/2024\/04\/WhatsApp-Image-2024-03-29-at-6.55.20-PM-768x1090.jpeg 768w, https:\/\/scoalajucu.ro\/wp-content\/uploads\/2024\/04\/WhatsApp-Image-2024-03-29-at-6.55.20-PM-1082x1536.jpeg 1082w\" sizes=\"auto, (max-width: 1127px) 100vw, 1127px\" \/>\t\t\t\t\t\t\t\t\t\t\t\t\t\t<\/div>\n\t\t\t\t\t\t<\/div>\n\t\t\t\t<\/div>\n\t\t\t\t\t\t<\/div>\n\t\t\t\t\t<\/div>\n\t\t<\/div>\n\t\t\t\t\t\t\t\t<\/div>\n\t\t\t\t\t<\/div>\n\t\t<\/section>\n\t\t\t\t\t\t<\/div>\n\t\t\t\t\t\t<\/div>\n\t\t\t\t\t<\/div>\n\t\t","protected":false},"excerpt":{"rendered":"<p>ISTORIC Prima \u0219coal\u0103 s\u0103teasc\u0103 din Transilvania La data de 10 aprilie 1332, \u00een localitatea Jucu, a fost atestat\u0103 prima \u0219coal\u0103 s\u0103teasc\u0103 din Transilvania. \u00a0\u00a0\u00a0\u00a0\u00a0\u00a0\u00a0Primul dasc\u0103l din Jucu atestat documentar este Inochen\u021bie Popovici, \u00een anul 1784. \u00a0\u00a0\u00a0\u00a0\u00a0\u00a0\u00a0Statistica \u0219colar\u0103 de la 1900, ofer\u0103 o imagine a unor \u0219coli destul de populate pe raza comunei Jucu, chiar dac\u0103 &hellip;<\/p>\n<p class=\"read-more\"> <a class=\"\" href=\"https:\/\/scoalajucu.ro\/index.php\/istoric\/\"> <span class=\"screen-reader-text\">Istoric<\/span> Read More &raquo;<\/a><\/p>\n","protected":false},"author":1,"featured_media":0,"parent":0,"menu_order":0,"comment_status":"closed","ping_status":"closed","template":"","meta":{"footnotes":""},"class_list":["post-245","page","type-page","status-publish","hentry"],"_links":{"self":[{"href":"https:\/\/scoalajucu.ro\/index.php\/wp-json\/wp\/v2\/pages\/245","targetHints":{"allow":["GET"]}}],"collection":[{"href":"https:\/\/scoalajucu.ro\/index.php\/wp-json\/wp\/v2\/pages"}],"about":[{"href":"https:\/\/scoalajucu.ro\/index.php\/wp-json\/wp\/v2\/types\/page"}],"author":[{"embeddable":true,"href":"https:\/\/scoalajucu.ro\/index.php\/wp-json\/wp\/v2\/users\/1"}],"replies":[{"embeddable":true,"href":"https:\/\/scoalajucu.ro\/index.php\/wp-json\/wp\/v2\/comments?post=245"}],"version-history":[{"count":25,"href":"https:\/\/scoalajucu.ro\/index.php\/wp-json\/wp\/v2\/pages\/245\/revisions"}],"predecessor-version":[{"id":800,"href":"https:\/\/scoalajucu.ro\/index.php\/wp-json\/wp\/v2\/pages\/245\/revisions\/800"}],"wp:attachment":[{"href":"https:\/\/scoalajucu.ro\/index.php\/wp-json\/wp\/v2\/media?parent=245"}],"curies":[{"name":"wp","href":"https:\/\/api.w.org\/{rel}","templated":true}]}}