{"id":211,"date":"2021-05-31T13:39:07","date_gmt":"2021-05-31T13:39:07","guid":{"rendered":"https:\/\/scoalajucu.ro\/?page_id=211"},"modified":"2025-01-23T13:29:16","modified_gmt":"2025-01-23T13:29:16","slug":"structuri","status":"publish","type":"page","link":"https:\/\/scoalajucu.ro\/index.php\/structuri\/","title":{"rendered":"Structuri"},"content":{"rendered":"<h2>\u0218coala Primar\u0103 Vi\u0219ea<\/h2>\n<h2>Gr\u0103dini\u021ba cu program normal G\u0103d\u0103lin<br \/>\n<\/h2>\n<h2>Gr\u0103dini\u021ba cu program normal Jucu de Mijloc<br \/>\n<\/h2>\n","protected":false},"excerpt":{"rendered":"<p>\u0218coala Primar\u0103 Vi\u0219ea Gr\u0103dini\u021ba cu program normal G\u0103d\u0103lin Gr\u0103dini\u021ba cu program normal Jucu de Mijloc<\/p>\n","protected":false},"author":1,"featured_media":0,"parent":0,"menu_order":0,"comment_status":"closed","ping_status":"closed","template":"","meta":{"footnotes":""},"class_list":["post-211","page","type-page","status-publish","hentry"],"_links":{"self":[{"href":"https:\/\/scoalajucu.ro\/index.php\/wp-json\/wp\/v2\/pages\/211","targetHints":{"allow":["GET"]}}],"collection":[{"href":"https:\/\/scoalajucu.ro\/index.php\/wp-json\/wp\/v2\/pages"}],"about":[{"href":"https:\/\/scoalajucu.ro\/index.php\/wp-json\/wp\/v2\/types\/page"}],"author":[{"embeddable":true,"href":"https:\/\/scoalajucu.ro\/index.php\/wp-json\/wp\/v2\/users\/1"}],"replies":[{"embeddable":true,"href":"https:\/\/scoalajucu.ro\/index.php\/wp-json\/wp\/v2\/comments?post=211"}],"version-history":[{"count":4,"href":"https:\/\/scoalajucu.ro\/index.php\/wp-json\/wp\/v2\/pages\/211\/revisions"}],"predecessor-version":[{"id":215,"href":"https:\/\/scoalajucu.ro\/index.php\/wp-json\/wp\/v2\/pages\/211\/revisions\/215"}],"wp:attachment":[{"href":"https:\/\/scoalajucu.ro\/index.php\/wp-json\/wp\/v2\/media?parent=211"}],"curies":[{"name":"wp","href":"https:\/\/api.w.org\/{rel}","templated":true}]}}